{"id":1060,"date":"2022-08-14T13:16:31","date_gmt":"2022-08-14T11:16:31","guid":{"rendered":"https:\/\/www.inclusion-indicator.eu\/?page_id=1060"},"modified":"2022-08-29T17:54:18","modified_gmt":"2022-08-29T15:54:18","slug":"imprint","status":"publish","type":"page","link":"https:\/\/www.inclusion-indicator.eu\/de\/imprint\/","title":{"rendered":"Imprint"},"content":{"rendered":"<div data-elementor-type=\"wp-page\" data-elementor-id=\"1060\" class=\"elementor elementor-1060\">\n\t\t\t\t\t\t\t\t\t<section class=\"elementor-section elementor-top-section elementor-element elementor-element-8b3e566 elementor-section-boxed elementor-section-height-default elementor-section-height-default wpr-particle-no wpr-jarallax-no wpr-parallax-no\" data-id=\"8b3e566\" data-element_type=\"section\" data-settings=\"{&quot;background_background&quot;:&quot;classic&quot;}\">\n\t\t\t\t\t\t<div class=\"elementor-container elementor-column-gap-default\">\n\t\t\t\t\t<div class=\"elementor-column elementor-col-100 elementor-top-column elementor-element elementor-element-3cb6f99\" data-id=\"3cb6f99\" data-element_type=\"column\">\n\t\t\t<div class=\"elementor-widget-wrap elementor-element-populated\">\n\t\t\t\t\t\t\t\t<section class=\"elementor-section elementor-inner-section elementor-element elementor-element-263305e elementor-section-content-top elementor-section-full_width elementor-section-height-default elementor-section-height-default wpr-particle-no wpr-jarallax-no wpr-parallax-no wpr-sticky-section-no\" data-id=\"263305e\" data-element_type=\"section\">\n\t\t\t\t\t\t<div class=\"elementor-container elementor-column-gap-no\">\n\t\t\t\t\t<div class=\"elementor-column elementor-col-100 elementor-inner-column elementor-element elementor-element-6c730d4\" data-id=\"6c730d4\" data-element_type=\"column\">\n\t\t\t<div class=\"elementor-widget-wrap elementor-element-populated\">\n\t\t\t\t\t\t\t\t<div class=\"elementor-element elementor-element-d1ce933 animated-slow elementor-invisible elementor-widget elementor-widget-heading\" data-id=\"d1ce933\" data-element_type=\"widget\" data-settings=\"{&quot;_animation&quot;:&quot;fadeIn&quot;,&quot;_animation_delay&quot;:100}\" data-widget_type=\"heading.default\">\n\t\t\t\t<div class=\"elementor-widget-container\">\n\t\t\t<style>\/*! elementor - v3.6.8 - 27-07-2022 *\/\n.elementor-heading-title{padding:0;margin:0;line-height:1}.elementor-widget-heading .elementor-heading-title[class*=elementor-size-]>a{color:inherit;font-size:inherit;line-height:inherit}.elementor-widget-heading .elementor-heading-title.elementor-size-small{font-size:15px}.elementor-widget-heading .elementor-heading-title.elementor-size-medium{font-size:19px}.elementor-widget-heading .elementor-heading-title.elementor-size-large{font-size:29px}.elementor-widget-heading .elementor-heading-title.elementor-size-xl{font-size:39px}.elementor-widget-heading .elementor-heading-title.elementor-size-xxl{font-size:59px}<\/style><h2 class=\"elementor-heading-title elementor-size-default\">Impressum<\/h2>\t\t<\/div>\n\t\t\t\t<\/div>\n\t\t\t\t\t<\/div>\n\t\t<\/div>\n\t\t\t\t\t\t\t<\/div>\n\t\t<\/section>\n\t\t\t\t<div class=\"elementor-element elementor-element-bc408e3 elementor-widget elementor-widget-text-editor\" data-id=\"bc408e3\" data-element_type=\"widget\" data-widget_type=\"text-editor.default\">\n\t\t\t\t<div class=\"elementor-widget-container\">\n\t\t\t<style>\/*! elementor - v3.6.8 - 27-07-2022 *\/\n.elementor-widget-text-editor.elementor-drop-cap-view-stacked .elementor-drop-cap{background-color:#818a91;color:#fff}.elementor-widget-text-editor.elementor-drop-cap-view-framed .elementor-drop-cap{color:#818a91;border:3px solid;background-color:transparent}.elementor-widget-text-editor:not(.elementor-drop-cap-view-default) .elementor-drop-cap{margin-top:8px}.elementor-widget-text-editor:not(.elementor-drop-cap-view-default) .elementor-drop-cap-letter{width:1em;height:1em}.elementor-widget-text-editor .elementor-drop-cap{float:left;text-align:center;line-height:1;font-size:50px}.elementor-widget-text-editor .elementor-drop-cap-letter{display:inline-block}<\/style>\t\t\t\t<p>Impressum nach dem Mediengesetz<\/p>\n<p>Firma: Inclusion Indicator Research &amp; Advisory GmbH<br>Gesellschafterin: Mag. Maria Kreyler-Valsky;<br>Gesch\u00e4ftsf\u00fchrerinnen: Dr. Julia Kreyler-Valsky, MPA; Mag. Seon-Young Rang, MA<\/p>\n<p>Firmenadresse: E\u00dflinggasse 2, 1010 Wien, \u00d6sterreich<br>Firmenbuchnummer: FN166892f<br>Firmenbuchgericht: Handelsgericht Wien<br>UID Nummer: ATU44149907<\/p>\n<p>Offenlegung gem\u00e4\u00df \u00a7 25 Abs. 5 Mediengesetz<br>Unternehmensgegenst\u00e4nde: Unternehmensberatung<br>Gesellschaftsform: Gesellschaft mit beschr\u00e4nkter Haftung<\/p>\n<p>Erkl\u00e4rung gem\u00e4\u00df \u00a7 25 Abs. 4 Mediengesetz<br>Grundlegende Richtung: Pr\u00e4sentation der Dienstleistungen von Inclusion Indicator Research &amp; Advisory GmbH. <br>Diese Webseite richtet sich an potenzielle und bestehende Kunden.<\/p>\n<p>Weitere Angaben gem\u00e4\u00df \u00a75 ECG<br>Kammerorganisation: WK Wien, Sparte Information und Consulting<br>Gewerbebeh\u00f6rde: Magistrat der Stadt Wien, Wien 1<br>Gewerbe- und berufsrechtliche Vorschriften: \u00d6sterreichische Gewerbeordnung, siehe http:\/\/www.ris.bka.gv.at<\/p>\t\t\t\t\t\t<\/div>\n\t\t\t\t<\/div>\n\t\t\t\t\t<\/div>\n\t\t<\/div>\n\t\t\t\t\t\t\t<\/div>\n\t\t<\/section>\n\t\t\t\t<section class=\"elementor-section elementor-top-section elementor-element elementor-element-2766f793 elementor-section-boxed elementor-section-height-default elementor-section-height-default wpr-particle-no wpr-jarallax-no wpr-parallax-no wpr-sticky-section-no\" data-id=\"2766f793\" data-element_type=\"section\" data-settings=\"{&quot;background_background&quot;:&quot;classic&quot;}\">\n\t\t\t\t\t\t<div class=\"elementor-container elementor-column-gap-default\">\n\t\t\t\t\t<div class=\"elementor-column elementor-col-50 elementor-top-column elementor-element elementor-element-474cfbf1\" data-id=\"474cfbf1\" data-element_type=\"column\">\n\t\t\t<div class=\"elementor-widget-wrap elementor-element-populated\">\n\t\t\t\t\t\t\t\t<div class=\"elementor-element elementor-element-b698c19 elementor-widget elementor-widget-menu-anchor\" data-id=\"b698c19\" data-element_type=\"widget\" data-widget_type=\"menu-anchor.default\">\n\t\t\t\t<div class=\"elementor-widget-container\">\n\t\t\t<style>\/*! elementor - v3.6.8 - 27-07-2022 *\/\nbody.elementor-page .elementor-widget-menu-anchor{margin-bottom:0}<\/style>\t\t<div id=\"language\" class=\"elementor-menu-anchor\"><\/div>\n\t\t\t\t<\/div>\n\t\t\t\t<\/div>\n\t\t\t\t<section class=\"elementor-section elementor-inner-section elementor-element elementor-element-33a91c1 elementor-section-boxed elementor-section-height-default elementor-section-height-default wpr-particle-no wpr-jarallax-no wpr-parallax-no wpr-sticky-section-no\" data-id=\"33a91c1\" data-element_type=\"section\">\n\t\t\t\t\t\t<div class=\"elementor-container elementor-column-gap-default\">\n\t\t\t\t\t<div class=\"elementor-column elementor-col-50 elementor-inner-column elementor-element elementor-element-6dbc2e29\" data-id=\"6dbc2e29\" data-element_type=\"column\">\n\t\t\t<div class=\"elementor-widget-wrap elementor-element-populated\">\n\t\t\t\t\t\t\t\t<div class=\"elementor-element elementor-element-2c68e60b elementor-widget elementor-widget-html\" data-id=\"2c68e60b\" data-element_type=\"widget\" data-widget_type=\"html.default\">\n\t\t\t\t<div class=\"elementor-widget-container\">\n\t\t\t<svg xmlns=\"http:\/\/www.w3.org\/2000\/svg\" fill=\"none\" viewbox=\"0 0 24 24\" stroke-width=\"1.5\" stroke=\"currentColor\" height=\"1.5rem\" width=\"1.5rem\">\n  <path stroke-linecap=\"round\" stroke-linejoin=\"round\" d=\"M10.5 21l5.25-11.25L21 21m-9-3h7.5M3 5.621a48.474 48.474 0 016-.371m0 0c1.12 0 2.233.038 3.334.114M9 5.25V3m3.334 2.364C11.176 10.658 7.69 15.08 3 17.502m9.334-12.138c.896.061 1.785.147 2.666.257m-4.589 8.495a18.023 18.023 0 01-3.827-5.802\" \/>\n<\/svg>\t\t<\/div>\n\t\t\t\t<\/div>\n\t\t\t\t\t<\/div>\n\t\t<\/div>\n\t\t\t\t<div class=\"elementor-column elementor-col-50 elementor-inner-column elementor-element elementor-element-d87f0e1\" data-id=\"d87f0e1\" data-element_type=\"column\">\n\t\t\t<div class=\"elementor-widget-wrap elementor-element-populated\">\n\t\t\t\t\t\t\t\t<div class=\"elementor-element elementor-element-2b12f6b4 elementor-widget elementor-widget-wp-widget-nav_menu\" data-id=\"2b12f6b4\" data-element_type=\"widget\" data-widget_type=\"wp-widget-nav_menu.default\">\n\t\t\t\t<div class=\"elementor-widget-container\">\n\t\t\t<div class=\"menu-language-container\"><ul id=\"menu-language\" class=\"menu\"><li id=\"menu-item-1644\" class=\"trp-language-switcher-container german-language-button menu-item menu-item-type-post_type menu-item-object-language_switcher current-language-menu-item menu-item-1644\"><a href=\"https:\/\/www.inclusion-indicator.eu\/de\/wp-json\/wp\/v2\/pages\/1060\"><span data-no-translation><span class=\"trp-ls-language-name\">DE<\/span><\/span><\/a><\/li>\n<li id=\"menu-item-1645\" class=\"trp-language-switcher-container english-language-button menu-item menu-item-type-post_type menu-item-object-language_switcher menu-item-1645\"><a href=\"https:\/\/www.inclusion-indicator.eu\/wp-json\/wp\/v2\/pages\/1060\/\"><span data-no-translation><span class=\"trp-ls-language-name\">EN<\/span><\/span><\/a><\/li>\n<\/ul><\/div>\t\t<\/div>\n\t\t\t\t<\/div>\n\t\t\t\t\t<\/div>\n\t\t<\/div>\n\t\t\t\t\t\t\t<\/div>\n\t\t<\/section>\n\t\t\t\t\t<\/div>\n\t\t<\/div>\n\t\t\t\t<div class=\"elementor-column elementor-col-50 elementor-top-column elementor-element elementor-element-2384c4c\" data-id=\"2384c4c\" data-element_type=\"column\">\n\t\t\t<div class=\"elementor-widget-wrap elementor-element-populated\">\n\t\t\t\t\t\t\t\t<div class=\"elementor-element elementor-element-3cefdedc elementor-widget elementor-widget-wp-widget-nav_menu\" data-id=\"3cefdedc\" data-element_type=\"widget\" data-widget_type=\"wp-widget-nav_menu.default\">\n\t\t\t\t<div class=\"elementor-widget-container\">\n\t\t\t<div class=\"menu-footer-container\"><ul id=\"menu-footer\" class=\"menu\"><li id=\"menu-item-1423\" class=\"menu-item menu-item-type-post_type menu-item-object-page menu-item-1423\"><a href=\"https:\/\/www.inclusion-indicator.eu\/de\/imprint\/\">impressum<\/a><\/li>\n<li id=\"menu-item-1424\" class=\"menu-item menu-item-type-post_type menu-item-object-page menu-item-1424\"><a href=\"https:\/\/www.inclusion-indicator.eu\/de\/privacy-policy\/\">datenschutzerkl\u00e4rung<\/a><\/li>\n<\/ul><\/div>\t\t<\/div>\n\t\t\t\t<\/div>\n\t\t\t\t\t<\/div>\n\t\t<\/div>\n\t\t\t\t\t\t\t<\/div>\n\t\t<\/section>\n\t\t\t\t\t\t\t<\/div>","protected":false},"excerpt":{"rendered":"<p>Impressum Impressum nach dem Mediengesetz Firma: Inclusion Indicator Research &amp; Advisory GmbHGesellschafterin: Mag. Maria Kreyler-Valsky;Gesch\u00e4ftsf\u00fchrerinnen: Dr. Julia Kreyler-Valsky, MPA; Mag. Seon-Young Rang, MA Firmenadresse: E\u00dflinggasse 2, 1010 Wien, \u00d6sterreichFirmenbuchnummer: FN166892fFirmenbuchgericht: Handelsgericht WienUID Nummer: ATU44149907 Offenlegung gem\u00e4\u00df \u00a7 25 Abs. 5 MediengesetzUnternehmensgegenst\u00e4nde: UnternehmensberatungGesellschaftsform: Gesellschaft mit beschr\u00e4nkter Haftung Erkl\u00e4rung gem\u00e4\u00df \u00a7 25 Abs. 4 MediengesetzGrundlegende Richtung: Pr\u00e4sentation&hellip;&nbsp;<a href=\"https:\/\/www.inclusion-indicator.eu\/de\/imprint\/\" class=\"\" rel=\"bookmark\">Weiterlesen &raquo;<span class=\"screen-reader-text\">Imprint<\/span><\/a><\/p>","protected":false},"author":1,"featured_media":0,"parent":0,"menu_order":0,"comment_status":"closed","ping_status":"closed","template":"page-templates\/template-pagebuilder-full-width.php","meta":{"neve_meta_sidebar":"","neve_meta_container":"","neve_meta_enable_content_width":"","neve_meta_content_width":0,"neve_meta_title_alignment":"","neve_meta_author_avatar":"","neve_post_elements_order":"","neve_meta_disable_header":"","neve_meta_disable_footer":"","neve_meta_disable_title":"","footnotes":""},"class_list":["post-1060","page","type-page","status-publish","hentry"],"yoast_head":"<!-- This site is optimized with the Yoast SEO plugin v19.6 - https:\/\/yoast.com\/wordpress\/plugins\/seo\/ -->\n<title>Imprint - Inclusion Indicator<\/title>\n<meta name=\"robots\" content=\"index, follow, max-snippet:-1, max-image-preview:large, max-video-preview:-1\" \/>\n<link rel=\"canonical\" href=\"https:\/\/www.inclusion-indicator.eu\/de\/imprint\/\" \/>\n<meta property=\"og:locale\" content=\"de_DE\" \/>\n<meta property=\"og:type\" content=\"article\" \/>\n<meta property=\"og:title\" content=\"Imprint - Inclusion Indicator\" \/>\n<meta property=\"og:description\" content=\"Impressum Impressum nach dem Mediengesetz Firma: Inclusion Indicator Research &amp; Advisory GmbHGesellschafterin: Mag. Maria Kreyler-Valsky;Gesch\u00e4ftsf\u00fchrerinnen: Dr. Julia Kreyler-Valsky, MPA; Mag. Seon-Young Rang, MA Firmenadresse: E\u00dflinggasse 2, 1010 Wien, \u00d6sterreichFirmenbuchnummer: FN166892fFirmenbuchgericht: Handelsgericht WienUID Nummer: ATU44149907 Offenlegung gem\u00e4\u00df \u00a7 25 Abs. 5 MediengesetzUnternehmensgegenst\u00e4nde: UnternehmensberatungGesellschaftsform: Gesellschaft mit beschr\u00e4nkter Haftung Erkl\u00e4rung gem\u00e4\u00df \u00a7 25 Abs. 4 MediengesetzGrundlegende Richtung: Pr\u00e4sentation&hellip;&nbsp;Weiterlesen &raquo;Imprint\" \/>\n<meta property=\"og:url\" content=\"https:\/\/www.inclusion-indicator.eu\/de\/imprint\/\" \/>\n<meta property=\"og:site_name\" content=\"Inclusion Indicator\" \/>\n<meta property=\"article:modified_time\" content=\"2022-08-29T15:54:18+00:00\" \/>\n<meta name=\"twitter:card\" content=\"summary_large_image\" \/>\n<meta name=\"twitter:label1\" content=\"Gesch\u00e4tzte Lesezeit\" \/>\n\t<meta name=\"twitter:data1\" content=\"1\u00a0Minute\" \/>\n<script type=\"application\/ld+json\" class=\"yoast-schema-graph\">{\"@context\":\"https:\/\/schema.org\",\"@graph\":[{\"@type\":\"WebPage\",\"@id\":\"https:\/\/www.inclusion-indicator.eu\/imprint\/\",\"url\":\"https:\/\/www.inclusion-indicator.eu\/imprint\/\",\"name\":\"Imprint - Inclusion Indicator\",\"isPartOf\":{\"@id\":\"https:\/\/www.inclusion-indicator.eu\/#website\"},\"datePublished\":\"2022-08-14T11:16:31+00:00\",\"dateModified\":\"2022-08-29T15:54:18+00:00\",\"breadcrumb\":{\"@id\":\"https:\/\/www.inclusion-indicator.eu\/imprint\/#breadcrumb\"},\"inLanguage\":\"de\",\"potentialAction\":[{\"@type\":\"ReadAction\",\"target\":[\"https:\/\/www.inclusion-indicator.eu\/imprint\/\"]}]},{\"@type\":\"BreadcrumbList\",\"@id\":\"https:\/\/www.inclusion-indicator.eu\/imprint\/#breadcrumb\",\"itemListElement\":[{\"@type\":\"ListItem\",\"position\":1,\"name\":\"Startseite\",\"item\":\"https:\/\/www.inclusion-indicator.eu\/\"},{\"@type\":\"ListItem\",\"position\":2,\"name\":\"Imprint\"}]},{\"@type\":\"WebSite\",\"@id\":\"https:\/\/www.inclusion-indicator.eu\/#website\",\"url\":\"https:\/\/www.inclusion-indicator.eu\/\",\"name\":\"Inclusion Indicator\",\"description\":\"making diversity &amp; inclusion achievable for you.\",\"publisher\":{\"@id\":\"https:\/\/www.inclusion-indicator.eu\/#organization\"},\"potentialAction\":[{\"@type\":\"SearchAction\",\"target\":{\"@type\":\"EntryPoint\",\"urlTemplate\":\"https:\/\/www.inclusion-indicator.eu\/?s={search_term_string}\"},\"query-input\":\"required name=search_term_string\"}],\"inLanguage\":\"de\"},{\"@type\":\"Organization\",\"@id\":\"https:\/\/www.inclusion-indicator.eu\/#organization\",\"name\":\"Inclusion Indicator\",\"url\":\"https:\/\/www.inclusion-indicator.eu\/\",\"sameAs\":[\"https:\/\/at.linkedin.com\/company\/inclusion-indicator\"],\"logo\":{\"@type\":\"ImageObject\",\"inLanguage\":\"de\",\"@id\":\"https:\/\/www.inclusion-indicator.eu\/#\/schema\/logo\/image\/\",\"url\":\"https:\/\/www.inclusion-indicator.eu\/wp-content\/uploads\/2022\/07\/pabo_inclusion_indicator_logo-pastell-1Element-4@2x.png\",\"contentUrl\":\"https:\/\/www.inclusion-indicator.eu\/wp-content\/uploads\/2022\/07\/pabo_inclusion_indicator_logo-pastell-1Element-4@2x.png\",\"width\":2173,\"height\":409,\"caption\":\"Inclusion Indicator\"},\"image\":{\"@id\":\"https:\/\/www.inclusion-indicator.eu\/#\/schema\/logo\/image\/\"}}]}<\/script>\n<!-- \/ Yoast SEO plugin. -->","yoast_head_json":{"title":"Imprint - Inclusion Indicator","robots":{"index":"index","follow":"follow","max-snippet":"max-snippet:-1","max-image-preview":"max-image-preview:large","max-video-preview":"max-video-preview:-1"},"canonical":"https:\/\/www.inclusion-indicator.eu\/de\/imprint\/","og_locale":"de_DE","og_type":"article","og_title":"Imprint - Inclusion Indicator","og_description":"Impressum Impressum nach dem Mediengesetz Firma: Inclusion Indicator Research &amp; Advisory GmbHGesellschafterin: Mag. Maria Kreyler-Valsky;Gesch\u00e4ftsf\u00fchrerinnen: Dr. Julia Kreyler-Valsky, MPA; Mag. Seon-Young Rang, MA Firmenadresse: E\u00dflinggasse 2, 1010 Wien, \u00d6sterreichFirmenbuchnummer: FN166892fFirmenbuchgericht: Handelsgericht WienUID Nummer: ATU44149907 Offenlegung gem\u00e4\u00df \u00a7 25 Abs. 5 MediengesetzUnternehmensgegenst\u00e4nde: UnternehmensberatungGesellschaftsform: Gesellschaft mit beschr\u00e4nkter Haftung Erkl\u00e4rung gem\u00e4\u00df \u00a7 25 Abs. 4 MediengesetzGrundlegende Richtung: Pr\u00e4sentation&hellip;&nbsp;Weiterlesen &raquo;Imprint","og_url":"https:\/\/www.inclusion-indicator.eu\/de\/imprint\/","og_site_name":"Inclusion Indicator","article_modified_time":"2022-08-29T15:54:18+00:00","twitter_card":"summary_large_image","twitter_misc":{"Gesch\u00e4tzte Lesezeit":"1\u00a0Minute"},"schema":{"@context":"https:\/\/schema.org","@graph":[{"@type":"WebPage","@id":"https:\/\/www.inclusion-indicator.eu\/imprint\/","url":"https:\/\/www.inclusion-indicator.eu\/imprint\/","name":"Imprint - Inclusion Indicator","isPartOf":{"@id":"https:\/\/www.inclusion-indicator.eu\/#website"},"datePublished":"2022-08-14T11:16:31+00:00","dateModified":"2022-08-29T15:54:18+00:00","breadcrumb":{"@id":"https:\/\/www.inclusion-indicator.eu\/imprint\/#breadcrumb"},"inLanguage":"de","potentialAction":[{"@type":"ReadAction","target":["https:\/\/www.inclusion-indicator.eu\/imprint\/"]}]},{"@type":"BreadcrumbList","@id":"https:\/\/www.inclusion-indicator.eu\/imprint\/#breadcrumb","itemListElement":[{"@type":"ListItem","position":1,"name":"Startseite","item":"https:\/\/www.inclusion-indicator.eu\/"},{"@type":"ListItem","position":2,"name":"Imprint"}]},{"@type":"WebSite","@id":"https:\/\/www.inclusion-indicator.eu\/#website","url":"https:\/\/www.inclusion-indicator.eu\/","name":"Inclusion Indicator","description":"making diversity &amp; inclusion achievable for you.","publisher":{"@id":"https:\/\/www.inclusion-indicator.eu\/#organization"},"potentialAction":[{"@type":"SearchAction","target":{"@type":"EntryPoint","urlTemplate":"https:\/\/www.inclusion-indicator.eu\/?s={search_term_string}"},"query-input":"required name=search_term_string"}],"inLanguage":"de"},{"@type":"Organization","@id":"https:\/\/www.inclusion-indicator.eu\/#organization","name":"Inclusion Indicator","url":"https:\/\/www.inclusion-indicator.eu\/","sameAs":["https:\/\/at.linkedin.com\/company\/inclusion-indicator"],"logo":{"@type":"ImageObject","inLanguage":"de","@id":"https:\/\/www.inclusion-indicator.eu\/#\/schema\/logo\/image\/","url":"https:\/\/www.inclusion-indicator.eu\/wp-content\/uploads\/2022\/07\/pabo_inclusion_indicator_logo-pastell-1Element-4@2x.png","contentUrl":"https:\/\/www.inclusion-indicator.eu\/wp-content\/uploads\/2022\/07\/pabo_inclusion_indicator_logo-pastell-1Element-4@2x.png","width":2173,"height":409,"caption":"Inclusion Indicator"},"image":{"@id":"https:\/\/www.inclusion-indicator.eu\/#\/schema\/logo\/image\/"}}]}},"_links":{"self":[{"href":"https:\/\/www.inclusion-indicator.eu\/de\/wp-json\/wp\/v2\/pages\/1060","targetHints":{"allow":["GET"]}}],"collection":[{"href":"https:\/\/www.inclusion-indicator.eu\/de\/wp-json\/wp\/v2\/pages"}],"about":[{"href":"https:\/\/www.inclusion-indicator.eu\/de\/wp-json\/wp\/v2\/types\/page"}],"author":[{"embeddable":true,"href":"https:\/\/www.inclusion-indicator.eu\/de\/wp-json\/wp\/v2\/users\/1"}],"replies":[{"embeddable":true,"href":"https:\/\/www.inclusion-indicator.eu\/de\/wp-json\/wp\/v2\/comments?post=1060"}],"version-history":[{"count":12,"href":"https:\/\/www.inclusion-indicator.eu\/de\/wp-json\/wp\/v2\/pages\/1060\/revisions"}],"predecessor-version":[{"id":1935,"href":"https:\/\/www.inclusion-indicator.eu\/de\/wp-json\/wp\/v2\/pages\/1060\/revisions\/1935"}],"wp:attachment":[{"href":"https:\/\/www.inclusion-indicator.eu\/de\/wp-json\/wp\/v2\/media?parent=1060"}],"curies":[{"name":"wp","href":"https:\/\/api.w.org\/{rel}","templated":true}]}}